{"id":531,"date":"2020-06-24T12:53:22","date_gmt":"2020-06-24T10:53:22","guid":{"rendered":"http:\/\/calimatechnologies.com\/?page_id=531"},"modified":"2020-06-24T12:54:34","modified_gmt":"2020-06-24T10:54:34","slug":"politica-de-privacidad","status":"publish","type":"page","link":"https:\/\/calimatechnologies.com\/en\/politica-de-privacidad\/","title":{"rendered":"P\u00f3litica de privacidad"},"content":{"rendered":"<div data-elementor-type=\"wp-page\" data-elementor-id=\"531\" class=\"elementor elementor-531\">\n\t\t\t\t\t\t<section class=\"elementor-section elementor-top-section elementor-element elementor-element-a30d0f6 elementor-section-boxed elementor-section-height-default elementor-section-height-default\" data-id=\"a30d0f6\" data-element_type=\"section\">\n\t\t\t\t\t\t<div class=\"elementor-container elementor-column-gap-default\">\n\t\t\t\t\t<div class=\"elementor-column elementor-col-100 elementor-top-column elementor-element elementor-element-8881900\" data-id=\"8881900\" data-element_type=\"column\">\n\t\t\t<div class=\"elementor-widget-wrap elementor-element-populated\">\n\t\t\t\t\t\t<div class=\"elementor-element elementor-element-92efc97 elementor-widget elementor-widget-image\" data-id=\"92efc97\" data-element_type=\"widget\" data-widget_type=\"image.default\">\n\t\t\t\t<div class=\"elementor-widget-container\">\n\t\t\t\t\t\t\t\t\t\t\t\t\t\t<a href=\"https:\/\/calimatechnologies.com\/en\/\">\n\t\t\t\t\t\t\t<img fetchpriority=\"high\" decoding=\"async\" width=\"946\" height=\"262\" src=\"https:\/\/calimatechnologies.com\/wp-content\/uploads\/2020\/06\/Logotipo-Calima_h.png\" class=\"attachment-large size-large wp-image-352\" alt=\"\" srcset=\"https:\/\/calimatechnologies.com\/wp-content\/uploads\/2020\/06\/Logotipo-Calima_h.png 946w, https:\/\/calimatechnologies.com\/wp-content\/uploads\/2020\/06\/Logotipo-Calima_h-300x83.png 300w, https:\/\/calimatechnologies.com\/wp-content\/uploads\/2020\/06\/Logotipo-Calima_h-768x213.png 768w\" sizes=\"(max-width: 946px) 100vw, 946px\" \/>\t\t\t\t\t\t\t\t<\/a>\n\t\t\t\t\t\t\t\t\t\t\t\t\t<\/div>\n\t\t\t\t<\/div>\n\t\t\t\t\t<\/div>\n\t\t<\/div>\n\t\t\t\t\t<\/div>\n\t\t<\/section>\n\t\t\t\t<section class=\"elementor-section elementor-top-section elementor-element elementor-element-2808507 elementor-section-boxed elementor-section-height-default elementor-section-height-default\" data-id=\"2808507\" data-element_type=\"section\">\n\t\t\t\t\t\t<div class=\"elementor-container elementor-column-gap-default\">\n\t\t\t\t\t<div class=\"elementor-column elementor-col-100 elementor-top-column elementor-element elementor-element-f575e93\" data-id=\"f575e93\" data-element_type=\"column\">\n\t\t\t<div class=\"elementor-widget-wrap elementor-element-populated\">\n\t\t\t\t\t\t<div class=\"elementor-element elementor-element-8dd5451 elementor-widget elementor-widget-heading\" data-id=\"8dd5451\" data-element_type=\"widget\" data-widget_type=\"heading.default\">\n\t\t\t\t<div class=\"elementor-widget-container\">\n\t\t\t<h2 class=\"elementor-heading-title elementor-size-default\">P\u00f3litica de privacidad<\/h2>\t\t<\/div>\n\t\t\t\t<\/div>\n\t\t\t\t<div class=\"elementor-element elementor-element-b6c946f elementor-widget elementor-widget-text-editor\" data-id=\"b6c946f\" data-element_type=\"widget\" data-widget_type=\"text-editor.default\">\n\t\t\t\t<div class=\"elementor-widget-container\">\n\t\t\t\t\t\t\t<p>CALIMA TECHNOLOGIES S.L informa seguidamente de su pol\u00edtica de privacidad aplicada a los datos personales. El uso de la p\u00e1gina web\u00a0<a href=\"https:\/\/inteliatec.com\/\">https:\/\/calimatechnologies.com\/<\/a>\u00a0no implica que el usuario deba suministrar informaci\u00f3n alguna respecto a su identidad, no pudiendo ser asociada a un usuario concreto por la empresa. En el supuesto que se suministre datos de car\u00e1cter de personal, estos datos ser\u00e1n recogidos y utilizados conforme a las limitaciones y los derechos recogidos en la citada norma.<\/p><p><strong>\u00bfQui\u00e9n es el Responsable del tratamiento de sus datos?<\/strong><\/p><p><strong>Identidad:\u00a0<\/strong>CALIMA TECHNOLOGIES S.L<\/p><p><strong>CIF:<\/strong>\u00a0B88635255<\/p><p><strong>Correo electr\u00f3nico:<\/strong>\u00a0info@calimatechnologies.com<\/p><p><strong>\u00bfCon qu\u00e9 finalidad tratamos sus datos personales?<\/strong><\/p><p>En CALIMA TECHNOLOGIES S.L usamos sus datos personales \u00fanicamente para dar respuesta a las solicitudes remitidas por usted desde los medios facilitados en nuestra web. El tratamiento que realizaremos ser\u00e1 \u00fanicamente atender a las consultas que nos plantee.<\/p><p><strong>\u00bfCu\u00e1l es la legitimaci\u00f3n para el tratamiento de sus datos?<\/strong><\/p><p>La base legal para el tratamiento de sus datos es el consentimiento informado para dar respuesta a las consultas planteadas a trav\u00e9s de la p\u00e1gina web, lo que supone la aceptaci\u00f3n de estas condiciones por parte del interesado.<\/p><p><strong>\u00bfA qu\u00e9 destinatarios se comunicar\u00e1n sus datos?<\/strong><\/p><p>Los datos personales no ser\u00e1n proporcionados a terceros salvo obligaci\u00f3n legal<\/p><p><strong>\u00bfCu\u00e1les son sus derechos cuando nos facilita sus datos?<\/strong><\/p><p>Tiene derecho a obtener confirmaci\u00f3n sobre si en CALIMA TECHNOLOGIES S.L estamos tratando datos personales que les conciernan, o no. Tambi\u00e9n tiene derecho a acceder a sus datos personales, as\u00ed como a solicitar la rectificaci\u00f3n de los datos inexactos o, en su caso, solicitar su supresi\u00f3n cuando, entre otros motivos, los datos ya no sean necesarios para los fines que fueron recogidos, as\u00ed como solicitar la portabilidad de los mismos.<\/p><p>En determinadas circunstancias, podr\u00e1 solicitar la limitaci\u00f3n del tratamiento de sus datos, en cuyo caso \u00fanicamente los conservaremos para el ejercicio o la defensa de reclamaciones. Por motivos relacionados con su situaci\u00f3n particular, tambi\u00e9n podr\u00e1 oponerse al tratamiento de sus datos.<\/p><p>, dejar\u00e1 de tratar los datos, salvo por motivos leg\u00edtimos imperiosos, o el ejercicio o la defensa de posibles reclamaciones. Recuerde que en todo momento podr\u00e1 presentar una reclamaci\u00f3n ante la autoridad de control.<\/p><p><strong>\u00bfC\u00f3mo hemos obtenido sus datos?<\/strong><\/p><p>Los datos personales que tratamos han sido proporcionados directamente por usted a trav\u00e9s de los diferentes formularios de los que dispone la p\u00e1gina web.<\/p><p>\u00danicamente se tratar\u00e1n los datos identificativos y de contacto facilitados.<\/p><p>\u00a0<\/p><h1>POL\u00cdTICA DE COOKIES\u00a0 \u00a0 \u00a0 \u00a0 \u00a0<\/h1><p>Esta web utiliza cookies, propias y de terceros con la finalidad de obtener informaci\u00f3n estad\u00edstica como identificaci\u00f3n del usuario, estad\u00edsticas de visita, chat de contacto y ofrecer funciones de redes sociales. Utilizaremos la informaci\u00f3n recopilada en dichas cookies para ofrecer productos que puedan interesar al cliente, realizar estad\u00edsticas de tiempo medio de estancia en los establecimientos y an\u00e1lisis comportamental. Si contin\u00faas navegando, se entiende que aceptas su uso y en caso de no aceptar su instalaci\u00f3n deber\u00e1s visitar el apartado de POL\u00cdTICA DE COOKIES, donde encontrar\u00e1s la forma de eliminarlas o rechazarlas. ACEPTO<\/p>\t\t\t\t\t\t<\/div>\n\t\t\t\t<\/div>\n\t\t\t\t\t<\/div>\n\t\t<\/div>\n\t\t\t\t\t<\/div>\n\t\t<\/section>\n\t\t\t\t<\/div>","protected":false},"excerpt":{"rendered":"<p>P\u00f3litica de privacidad CALIMA TECHNOLOGIES S.L informa seguidamente de su pol\u00edtica de privacidad aplicada a los datos personales. El uso de la p\u00e1gina web\u00a0https:\/\/calimatechnologies.com\/\u00a0no implica que el usuario deba suministrar informaci\u00f3n alguna respecto a su identidad, no pudiendo ser asociada a un usuario concreto por la empresa. En el supuesto que se suministre datos de [&hellip;]<\/p>","protected":false},"author":1,"featured_media":0,"parent":0,"menu_order":0,"comment_status":"closed","ping_status":"closed","template":"elementor_canvas","meta":{"footnotes":""},"class_list":["post-531","page","type-page","status-publish","hentry","entry"],"_links":{"self":[{"href":"https:\/\/calimatechnologies.com\/en\/wp-json\/wp\/v2\/pages\/531"}],"collection":[{"href":"https:\/\/calimatechnologies.com\/en\/wp-json\/wp\/v2\/pages"}],"about":[{"href":"https:\/\/calimatechnologies.com\/en\/wp-json\/wp\/v2\/types\/page"}],"author":[{"embeddable":true,"href":"https:\/\/calimatechnologies.com\/en\/wp-json\/wp\/v2\/users\/1"}],"replies":[{"embeddable":true,"href":"https:\/\/calimatechnologies.com\/en\/wp-json\/wp\/v2\/comments?post=531"}],"version-history":[{"count":2,"href":"https:\/\/calimatechnologies.com\/en\/wp-json\/wp\/v2\/pages\/531\/revisions"}],"predecessor-version":[{"id":533,"href":"https:\/\/calimatechnologies.com\/en\/wp-json\/wp\/v2\/pages\/531\/revisions\/533"}],"wp:attachment":[{"href":"https:\/\/calimatechnologies.com\/en\/wp-json\/wp\/v2\/media?parent=531"}],"curies":[{"name":"wp","href":"https:\/\/api.w.org\/{rel}","templated":true}]}}